{"id":987,"date":"2024-09-05T14:04:20","date_gmt":"2024-09-05T14:04:20","guid":{"rendered":"https:\/\/nxt-travel.com\/socios-de-reserva\/"},"modified":"2025-12-17T16:26:24","modified_gmt":"2025-12-17T16:26:24","slug":"socios-de-reserva","status":"publish","type":"page","link":"https:\/\/nxt-travel.com\/es\/socios-de-reserva\/","title":{"rendered":"Socios de reserva"},"content":{"rendered":"<p><div class=\"fusion-fullwidth fullwidth-box fusion-builder-row-1 fusion-flex-container has-pattern-background has-mask-background fusion-parallax-none nonhundred-percent-fullwidth non-hundred-percent-height-scrolling lazyload\" style=\"--awb-background-blend-mode:multiply;--awb-border-radius-top-left:0px;--awb-border-radius-top-right:0px;--awb-border-radius-bottom-right:80px;--awb-border-radius-bottom-left:0px;--awb-overflow:hidden;--awb-padding-top:0px;--awb-padding-bottom:0px;--awb-margin-bottom:100px;--awb-min-height:600px;--awb-background-color:rgba(15,29,56,0.68);--awb-background-size:cover;--awb-flex-wrap:wrap;\" data-bg=\"https:\/\/nxt-travel.com\/wp-content\/uploads\/2024\/09\/booking-partners.jpg\" ><div class=\"fusion-builder-row fusion-row fusion-flex-align-items-center fusion-flex-content-wrap\" style=\"max-width:1456px;margin-left: calc(-4% \/ 2 );margin-right: calc(-4% \/ 2 );\"><div class=\"fusion-layout-column fusion_builder_column fusion-builder-column-0 fusion_builder_column_1_2 1_2 fusion-flex-column\" style=\"--awb-padding-top:68px;--awb-bg-size:cover;--awb-width-large:50%;--awb-margin-top-large:0px;--awb-spacing-right-large:3.84%;--awb-margin-bottom-large:20px;--awb-spacing-left-large:3.84%;--awb-width-medium:50%;--awb-order-medium:0;--awb-spacing-right-medium:3.84%;--awb-spacing-left-medium:3.84%;--awb-width-small:100%;--awb-order-small:0;--awb-spacing-right-small:1.92%;--awb-spacing-left-small:1.92%;\"><div class=\"fusion-column-wrapper fusion-column-has-shadow fusion-flex-justify-content-flex-start fusion-content-layout-column\"><div class=\"fusion-title title fusion-title-1 fusion-sep-none fusion-title-text fusion-title-size-one\" style=\"--awb-text-color:var(--awb-color1);--awb-margin-bottom:10px;--awb-font-size:48px;\"><h1 class=\"fusion-title-heading title-heading-left fusion-responsive-typography-calculated\" style=\"font-family:var(--awb-typography1-font-family);font-weight:var(--awb-typography1-font-weight);font-style:var(--awb-typography1-font-style);margin:0;letter-spacing:var(--awb-typography1-letter-spacing);text-transform:var(--awb-typography1-text-transform);font-size:1em;--fontSize:48;line-height:var(--awb-typography1-line-height);\">Socios de reserva<\/h1><\/div><div class=\"fusion-text fusion-text-1\" style=\"--awb-font-size:18px;--awb-text-color:var(--awb-color1);\"><p>Integraci\u00f3n de sistemas de reserva y pago<\/p>\n<\/div><div class=\"fusion-separator\" style=\"align-self: flex-start;margin-right:auto;width:100%;max-width:100px;\"><div class=\"fusion-separator-border sep-single\" style=\"--awb-height:20px;--awb-amount:20px;--awb-sep-color:var(--awb-color4);border-color:var(--awb-color4);border-top-width:3px;\"><\/div><\/div><\/div><\/div><\/div><\/div><div class=\"fusion-fullwidth fullwidth-box fusion-builder-row-2 fusion-flex-container has-pattern-background has-mask-background nonhundred-percent-fullwidth non-hundred-percent-height-scrolling\" style=\"--awb-border-radius-top-left:0px;--awb-border-radius-top-right:0px;--awb-border-radius-bottom-right:0px;--awb-border-radius-bottom-left:0px;--awb-flex-wrap:wrap;\" ><div class=\"fusion-builder-row fusion-row fusion-flex-align-items-center fusion-flex-justify-content-space-between fusion-flex-content-wrap\" style=\"max-width:1456px;margin-left: calc(-4% \/ 2 );margin-right: calc(-4% \/ 2 );\"><div class=\"fusion-layout-column fusion_builder_column fusion-builder-column-1 fusion_builder_column_1_2 1_2 fusion-flex-column\" style=\"--awb-bg-size:cover;--awb-width-large:50%;--awb-margin-top-large:0px;--awb-spacing-right-large:3.84%;--awb-margin-bottom-large:20px;--awb-spacing-left-large:3.84%;--awb-width-medium:80%;--awb-order-medium:0;--awb-spacing-right-medium:2.4%;--awb-spacing-left-medium:2.4%;--awb-width-small:100%;--awb-order-small:0;--awb-spacing-right-small:1.92%;--awb-spacing-left-small:1.92%;\"><div class=\"fusion-column-wrapper fusion-column-has-shadow fusion-flex-justify-content-flex-start fusion-content-layout-column\"><div class=\"fusion-text fusion-text-2 nxt-highlight\"><p>Socios de reserva<\/p>\n<\/div><div class=\"fusion-text fusion-text-3\"><p>Nxt-Travel colabora con diversos Booking Partners para garantizar una integraci\u00f3n perfecta de los sistemas de reserva y pago. <\/p>\n<p>Las conexiones t\u00e9cnicas con los l\u00edderes del mercado en el sector de los viajes se ampl\u00edan y optimizan continuamente. Adem\u00e1s, los comerciantes afiliados se benefician de soluciones de seguridad avanzadas como la tokenizaci\u00f3n, un gran n\u00famero de herramientas de gesti\u00f3n del fraude ofrecidas y el sistema Risk Decision Manager de Visa, para apoyar la protecci\u00f3n de datos sensibles al m\u00e1s alto nivel.  <\/p>\n<\/div><\/div><\/div><div class=\"fusion-layout-column fusion_builder_column fusion-builder-column-2 fusion_builder_column_2_5 2_5 fusion-flex-column\" style=\"--awb-bg-size:cover;--awb-width-large:40%;--awb-margin-top-large:0px;--awb-spacing-right-large:4.8%;--awb-margin-bottom-large:20px;--awb-spacing-left-large:4.8%;--awb-width-medium:100%;--awb-order-medium:0;--awb-spacing-right-medium:1.92%;--awb-spacing-left-medium:1.92%;--awb-width-small:100%;--awb-order-small:0;--awb-spacing-right-small:1.92%;--awb-spacing-left-small:1.92%;\"><div class=\"fusion-column-wrapper fusion-column-has-shadow fusion-flex-justify-content-center fusion-content-layout-column\"><div class=\"fusion-image-element fusion-no-small-visibility fusion-no-medium-visibility\" style=\"--awb-caption-title-font-family:var(--h2_typography-font-family);--awb-caption-title-font-weight:var(--h2_typography-font-weight);--awb-caption-title-font-style:var(--h2_typography-font-style);--awb-caption-title-size:var(--h2_typography-font-size);--awb-caption-title-transform:var(--h2_typography-text-transform);--awb-caption-title-line-height:var(--h2_typography-line-height);--awb-caption-title-letter-spacing:var(--h2_typography-letter-spacing);\"><span class=\" fusion-imageframe imageframe-none imageframe-1 hover-type-none\" style=\"border-radius:8px;\"><img decoding=\"async\" width=\"1500\" height=\"1000\" title=\"socios-de-reservas-2\" src=\"https:\/\/nxt-travel.com\/wp-content\/uploads\/2025\/12\/booking-partners-2.jpg\" data-orig-src=\"https:\/\/nxt-travel.com\/wp-content\/uploads\/2025\/12\/booking-partners-2.jpg\" alt class=\"lazyload img-responsive wp-image-3445\" srcset=\"data:image\/svg+xml,%3Csvg%20xmlns%3D%27http%3A%2F%2Fwww.w3.org%2F2000%2Fsvg%27%20width%3D%271500%27%20height%3D%271000%27%20viewBox%3D%270%200%201500%201000%27%3E%3Crect%20width%3D%271500%27%20height%3D%271000%27%20fill-opacity%3D%220%22%2F%3E%3C%2Fsvg%3E\" data-srcset=\"https:\/\/nxt-travel.com\/wp-content\/uploads\/2025\/12\/booking-partners-2-200x133.jpg 200w, https:\/\/nxt-travel.com\/wp-content\/uploads\/2025\/12\/booking-partners-2-400x267.jpg 400w, https:\/\/nxt-travel.com\/wp-content\/uploads\/2025\/12\/booking-partners-2-600x400.jpg 600w, https:\/\/nxt-travel.com\/wp-content\/uploads\/2025\/12\/booking-partners-2-800x533.jpg 800w, https:\/\/nxt-travel.com\/wp-content\/uploads\/2025\/12\/booking-partners-2-1200x800.jpg 1200w, https:\/\/nxt-travel.com\/wp-content\/uploads\/2025\/12\/booking-partners-2.jpg 1500w\" data-sizes=\"auto\" data-orig-sizes=\"(max-width: 640px) 100vw, 600px\" \/><\/span><\/div><div class=\"fusion-image-element fusion-no-large-visibility\" style=\"--awb-aspect-ratio:16 \/ 9;--awb-caption-title-font-family:var(--h2_typography-font-family);--awb-caption-title-font-weight:var(--h2_typography-font-weight);--awb-caption-title-font-style:var(--h2_typography-font-style);--awb-caption-title-size:var(--h2_typography-font-size);--awb-caption-title-transform:var(--h2_typography-text-transform);--awb-caption-title-line-height:var(--h2_typography-line-height);--awb-caption-title-letter-spacing:var(--h2_typography-letter-spacing);\"><span class=\" fusion-imageframe imageframe-none imageframe-2 hover-type-none has-aspect-ratio\" style=\"border-radius:8px;\"><img decoding=\"async\" width=\"1500\" height=\"1000\" title=\"socios-de-reservas-2\" src=\"https:\/\/nxt-travel.com\/wp-content\/uploads\/2025\/12\/booking-partners-2.jpg\" data-orig-src=\"https:\/\/nxt-travel.com\/wp-content\/uploads\/2025\/12\/booking-partners-2.jpg\" class=\"lazyload img-responsive wp-image-3445 img-with-aspect-ratio\" data-parent-fit=\"cover\" data-parent-container=\".fusion-image-element\" alt srcset=\"data:image\/svg+xml,%3Csvg%20xmlns%3D%27http%3A%2F%2Fwww.w3.org%2F2000%2Fsvg%27%20width%3D%271500%27%20height%3D%271000%27%20viewBox%3D%270%200%201500%201000%27%3E%3Crect%20width%3D%271500%27%20height%3D%271000%27%20fill-opacity%3D%220%22%2F%3E%3C%2Fsvg%3E\" data-srcset=\"https:\/\/nxt-travel.com\/wp-content\/uploads\/2025\/12\/booking-partners-2-200x133.jpg 200w, https:\/\/nxt-travel.com\/wp-content\/uploads\/2025\/12\/booking-partners-2-400x267.jpg 400w, https:\/\/nxt-travel.com\/wp-content\/uploads\/2025\/12\/booking-partners-2-600x400.jpg 600w, https:\/\/nxt-travel.com\/wp-content\/uploads\/2025\/12\/booking-partners-2-800x533.jpg 800w, https:\/\/nxt-travel.com\/wp-content\/uploads\/2025\/12\/booking-partners-2-1200x800.jpg 1200w, https:\/\/nxt-travel.com\/wp-content\/uploads\/2025\/12\/booking-partners-2.jpg 1500w\" data-sizes=\"auto\" data-orig-sizes=\"(max-width: 640px) 100vw, 600px\" \/><\/span><\/div><\/div><\/div><\/div><\/div><div class=\"fusion-fullwidth fullwidth-box fusion-builder-row-3 fusion-flex-container has-pattern-background has-mask-background nonhundred-percent-fullwidth non-hundred-percent-height-scrolling\" style=\"--awb-border-radius-top-left:0px;--awb-border-radius-top-right:0px;--awb-border-radius-bottom-right:0px;--awb-border-radius-bottom-left:0px;--awb-margin-top:150px;--awb-margin-top-small:60px;--awb-flex-wrap:wrap;\" ><div class=\"fusion-builder-row fusion-row fusion-flex-align-items-flex-start fusion-flex-justify-content-center fusion-flex-content-wrap\" style=\"max-width:1456px;margin-left: calc(-4% \/ 2 );margin-right: calc(-4% \/ 2 );\"><div class=\"fusion-layout-column fusion_builder_column fusion-builder-column-3 fusion_builder_column_1_1 1_1 fusion-flex-column\" style=\"--awb-bg-size:cover;--awb-width-large:100%;--awb-margin-top-large:0px;--awb-spacing-right-large:1.92%;--awb-margin-bottom-large:20px;--awb-spacing-left-large:1.92%;--awb-width-medium:60%;--awb-order-medium:0;--awb-spacing-right-medium:3.2%;--awb-spacing-left-medium:3.2%;--awb-width-small:100%;--awb-order-small:0;--awb-spacing-right-small:1.92%;--awb-spacing-left-small:1.92%;\"><div class=\"fusion-column-wrapper fusion-column-has-shadow fusion-flex-justify-content-flex-start fusion-content-layout-column\"><div class=\"fusion-title title fusion-title-2 fusion-sep-none fusion-title-center fusion-title-text fusion-title-size-two\" style=\"--awb-font-size:28px;\"><h2 class=\"fusion-title-heading title-heading-center fusion-responsive-typography-calculated\" style=\"font-family:var(--awb-typography1-font-family);font-weight:var(--awb-typography1-font-weight);font-style:var(--awb-typography1-font-style);margin:0;letter-spacing:var(--awb-typography1-letter-spacing);text-transform:var(--awb-typography1-text-transform);font-size:1em;--fontSize:28;line-height:var(--awb-typography1-line-height);\">Socios de reserva<\/h2><\/div><div class=\"fusion-image-element fusion-no-small-visibility fusion-no-medium-visibility\" style=\"text-align:center;--awb-margin-top:20px;--awb-max-width:1000px;--awb-caption-title-font-family:var(--h2_typography-font-family);--awb-caption-title-font-weight:var(--h2_typography-font-weight);--awb-caption-title-font-style:var(--h2_typography-font-style);--awb-caption-title-size:var(--h2_typography-font-size);--awb-caption-title-transform:var(--h2_typography-text-transform);--awb-caption-title-line-height:var(--h2_typography-line-height);--awb-caption-title-letter-spacing:var(--h2_typography-letter-spacing);\"><span class=\" fusion-imageframe imageframe-none imageframe-3 hover-type-none\"><img decoding=\"async\" width=\"1137\" height=\"61\" title=\"socio de reservas\" src=\"data:image\/svg+xml,%3Csvg%20xmlns%3D%27http%3A%2F%2Fwww.w3.org%2F2000%2Fsvg%27%20width%3D%271137%27%20height%3D%2761%27%20viewBox%3D%270%200%201137%2061%27%3E%3Crect%20width%3D%271137%27%20height%3D%2761%27%20fill-opacity%3D%220%22%2F%3E%3C%2Fsvg%3E\" data-orig-src=\"https:\/\/nxt-travel.com\/wp-content\/uploads\/2024\/09\/boocking-parner.svg\" alt class=\"lazyload img-responsive wp-image-879\"\/><\/span><\/div><div class=\"fusion-image-element fusion-no-large-visibility\" style=\"text-align:center;--awb-margin-top:20px;--awb-max-width:1000px;--awb-caption-title-font-family:var(--h2_typography-font-family);--awb-caption-title-font-weight:var(--h2_typography-font-weight);--awb-caption-title-font-style:var(--h2_typography-font-style);--awb-caption-title-size:var(--h2_typography-font-size);--awb-caption-title-transform:var(--h2_typography-text-transform);--awb-caption-title-line-height:var(--h2_typography-line-height);--awb-caption-title-letter-spacing:var(--h2_typography-letter-spacing);\"><span class=\" fusion-imageframe imageframe-none imageframe-4 hover-type-none\"><img decoding=\"async\" width=\"652\" height=\"140\" title=\"socios de reservas (m\u00f3vil)\" src=\"data:image\/svg+xml,%3Csvg%20xmlns%3D%27http%3A%2F%2Fwww.w3.org%2F2000%2Fsvg%27%20width%3D%27652%27%20height%3D%27140%27%20viewBox%3D%270%200%20652%20140%27%3E%3Crect%20width%3D%27652%27%20height%3D%27140%27%20fill-opacity%3D%220%22%2F%3E%3C%2Fsvg%3E\" data-orig-src=\"https:\/\/nxt-travel.com\/wp-content\/uploads\/2024\/09\/boocking-partners-mobile.svg\" alt class=\"lazyload img-responsive wp-image-880\"\/><\/span><\/div><\/div><\/div><\/div><\/div><div class=\"fusion-fullwidth fullwidth-box fusion-builder-row-4 fusion-flex-container has-pattern-background has-mask-background nonhundred-percent-fullwidth non-hundred-percent-height-scrolling\" style=\"--awb-border-radius-top-left:0px;--awb-border-radius-top-right:0px;--awb-border-radius-bottom-right:0px;--awb-border-radius-bottom-left:0px;--awb-padding-top:0px;--awb-margin-top:100px;--awb-flex-wrap:wrap;\" ><div class=\"fusion-builder-row fusion-row fusion-flex-align-items-flex-start fusion-flex-justify-content-center fusion-flex-content-wrap\" style=\"max-width:1456px;margin-left: calc(-4% \/ 2 );margin-right: calc(-4% \/ 2 );\"><div class=\"fusion-layout-column fusion_builder_column fusion-builder-column-4 fusion_builder_column_3_4 3_4 fusion-flex-column\" style=\"--awb-padding-top:80px;--awb-padding-right:70px;--awb-padding-bottom:60px;--awb-padding-left:70px;--awb-padding-right-small:30px;--awb-padding-left-small:30px;--awb-overflow:hidden;--awb-bg-color:hsla(var(--awb-color4-h),var(--awb-color4-s),calc(var(--awb-color4-l) + 40%),var(--awb-color4-a));--awb-bg-color-hover:hsla(var(--awb-color4-h),var(--awb-color4-s),calc(var(--awb-color4-l) + 40%),var(--awb-color4-a));--awb-bg-size:cover;--awb-border-radius:5px 5px 5px 5px;--awb-width-large:75%;--awb-margin-top-large:0px;--awb-spacing-right-large:2.56%;--awb-margin-bottom-large:20px;--awb-spacing-left-large:2.56%;--awb-width-medium:83.333333333333%;--awb-order-medium:0;--awb-spacing-right-medium:2.304%;--awb-spacing-left-medium:2.304%;--awb-width-small:100%;--awb-order-small:0;--awb-spacing-right-small:1.92%;--awb-spacing-left-small:1.92%;\" data-motion-effects=\"[{&quot;type&quot;:&quot;scroll&quot;}]\" data-scroll-devices=\"small-visibility,medium-visibility,large-visibility\"><div class=\"fusion-column-wrapper fusion-column-has-shadow fusion-flex-justify-content-flex-start fusion-content-layout-column\"><div class=\"fusion-title title fusion-title-3 fusion-sep-none fusion-title-center fusion-title-text fusion-title-size-two\" style=\"--awb-font-size:var(--awb-typography1-font-size);\"><h2 class=\"fusion-title-heading title-heading-center fusion-responsive-typography-calculated\" style=\"font-family:var(--awb-typography1-font-family);font-weight:var(--awb-typography1-font-weight);font-style:var(--awb-typography1-font-style);margin:0;letter-spacing:var(--awb-typography1-letter-spacing);text-transform:var(--awb-typography1-text-transform);font-size:1em;--fontSize:42;line-height:var(--awb-typography1-line-height);\">\u00a1Obtenga m\u00e1s informaci\u00f3n ahora y maximice el \u00e9xito de sus pagos en l\u00ednea!<\/h2><\/div><div style=\"text-align:center;\"><a class=\"fusion-button button-flat fusion-button-default-size button-default fusion-button-default button-1 fusion-button-default-span fusion-button-default-type\" style=\"--button_margin-top:30px;--button_margin-bottom:20px;\" target=\"_self\" href=\"https:\/\/nxt-travel.com\/es\/llamar\/\"><span class=\"fusion-button-text awb-button__text awb-button__text--default\">Hablemos<\/span><\/a><\/div><\/div><\/div><\/div><\/div>\n<\/p>\n","protected":false},"excerpt":{"rendered":"","protected":false},"author":3,"featured_media":0,"parent":0,"menu_order":0,"comment_status":"closed","ping_status":"closed","template":"100-width.php","meta":{"footnotes":""},"class_list":["post-987","page","type-page","status-publish","hentry"],"yoast_head":"<!-- This site is optimized with the Yoast SEO plugin v27.3 - https:\/\/yoast.com\/product\/yoast-seo-wordpress\/ -->\n<title>Socios de reserva - nxt travel<\/title>\n<meta name=\"robots\" content=\"index, follow, max-snippet:-1, max-image-preview:large, max-video-preview:-1\" \/>\n<link rel=\"canonical\" href=\"https:\/\/nxt-travel.com\/es\/socios-de-reserva\/\" \/>\n<meta property=\"og:locale\" content=\"es_ES\" \/>\n<meta property=\"og:type\" content=\"article\" \/>\n<meta property=\"og:title\" content=\"Socios de reserva - nxt travel\" \/>\n<meta property=\"og:url\" content=\"https:\/\/nxt-travel.com\/es\/socios-de-reserva\/\" \/>\n<meta property=\"og:site_name\" content=\"nxt travel\" \/>\n<meta property=\"article:modified_time\" content=\"2025-12-17T16:26:24+00:00\" \/>\n<meta name=\"twitter:card\" content=\"summary_large_image\" \/>\n<meta name=\"twitter:label1\" content=\"Tiempo de lectura\" \/>\n\t<meta name=\"twitter:data1\" content=\"14 minutos\" \/>\n<script type=\"application\/ld+json\" class=\"yoast-schema-graph\">{\"@context\":\"https:\\\/\\\/schema.org\",\"@graph\":[{\"@type\":\"WebPage\",\"@id\":\"https:\\\/\\\/nxt-travel.com\\\/es\\\/socios-de-reserva\\\/\",\"url\":\"https:\\\/\\\/nxt-travel.com\\\/es\\\/socios-de-reserva\\\/\",\"name\":\"Socios de reserva - nxt travel\",\"isPartOf\":{\"@id\":\"https:\\\/\\\/nxt-travel.com\\\/es\\\/#website\"},\"datePublished\":\"2024-09-05T14:04:20+00:00\",\"dateModified\":\"2025-12-17T16:26:24+00:00\",\"breadcrumb\":{\"@id\":\"https:\\\/\\\/nxt-travel.com\\\/es\\\/socios-de-reserva\\\/#breadcrumb\"},\"inLanguage\":\"es\",\"potentialAction\":[{\"@type\":\"ReadAction\",\"target\":[\"https:\\\/\\\/nxt-travel.com\\\/es\\\/socios-de-reserva\\\/\"]}]},{\"@type\":\"BreadcrumbList\",\"@id\":\"https:\\\/\\\/nxt-travel.com\\\/es\\\/socios-de-reserva\\\/#breadcrumb\",\"itemListElement\":[{\"@type\":\"ListItem\",\"position\":1,\"name\":\"Startseite\",\"item\":\"https:\\\/\\\/nxt-travel.com\\\/es\\\/inicio\\\/\"},{\"@type\":\"ListItem\",\"position\":2,\"name\":\"Socios de reserva\"}]},{\"@type\":\"WebSite\",\"@id\":\"https:\\\/\\\/nxt-travel.com\\\/es\\\/#website\",\"url\":\"https:\\\/\\\/nxt-travel.com\\\/es\\\/\",\"name\":\"Nxt Travel\",\"description\":\"\",\"publisher\":{\"@id\":\"https:\\\/\\\/nxt-travel.com\\\/es\\\/#organization\"},\"potentialAction\":[{\"@type\":\"SearchAction\",\"target\":{\"@type\":\"EntryPoint\",\"urlTemplate\":\"https:\\\/\\\/nxt-travel.com\\\/es\\\/?s={search_term_string}\"},\"query-input\":{\"@type\":\"PropertyValueSpecification\",\"valueRequired\":true,\"valueName\":\"search_term_string\"}}],\"inLanguage\":\"es\"},{\"@type\":\"Organization\",\"@id\":\"https:\\\/\\\/nxt-travel.com\\\/es\\\/#organization\",\"name\":\"Nxt Travel\",\"url\":\"https:\\\/\\\/nxt-travel.com\\\/es\\\/\",\"logo\":{\"@type\":\"ImageObject\",\"inLanguage\":\"es\",\"@id\":\"https:\\\/\\\/nxt-travel.com\\\/es\\\/#\\\/schema\\\/logo\\\/image\\\/\",\"url\":\"https:\\\/\\\/nxt-travel.com\\\/wp-content\\\/uploads\\\/2024\\\/08\\\/nxt-travel-logo-neg.svg\",\"contentUrl\":\"https:\\\/\\\/nxt-travel.com\\\/wp-content\\\/uploads\\\/2024\\\/08\\\/nxt-travel-logo-neg.svg\",\"width\":149,\"height\":65,\"caption\":\"Nxt Travel\"},\"image\":{\"@id\":\"https:\\\/\\\/nxt-travel.com\\\/es\\\/#\\\/schema\\\/logo\\\/image\\\/\"}}]}<\/script>\n<!-- \/ Yoast SEO plugin. -->","yoast_head_json":{"title":"Socios de reserva - nxt travel","robots":{"index":"index","follow":"follow","max-snippet":"max-snippet:-1","max-image-preview":"max-image-preview:large","max-video-preview":"max-video-preview:-1"},"canonical":"https:\/\/nxt-travel.com\/es\/socios-de-reserva\/","og_locale":"es_ES","og_type":"article","og_title":"Socios de reserva - nxt travel","og_url":"https:\/\/nxt-travel.com\/es\/socios-de-reserva\/","og_site_name":"nxt travel","article_modified_time":"2025-12-17T16:26:24+00:00","twitter_card":"summary_large_image","twitter_misc":{"Tiempo de lectura":"14 minutos"},"schema":{"@context":"https:\/\/schema.org","@graph":[{"@type":"WebPage","@id":"https:\/\/nxt-travel.com\/es\/socios-de-reserva\/","url":"https:\/\/nxt-travel.com\/es\/socios-de-reserva\/","name":"Socios de reserva - nxt travel","isPartOf":{"@id":"https:\/\/nxt-travel.com\/es\/#website"},"datePublished":"2024-09-05T14:04:20+00:00","dateModified":"2025-12-17T16:26:24+00:00","breadcrumb":{"@id":"https:\/\/nxt-travel.com\/es\/socios-de-reserva\/#breadcrumb"},"inLanguage":"es","potentialAction":[{"@type":"ReadAction","target":["https:\/\/nxt-travel.com\/es\/socios-de-reserva\/"]}]},{"@type":"BreadcrumbList","@id":"https:\/\/nxt-travel.com\/es\/socios-de-reserva\/#breadcrumb","itemListElement":[{"@type":"ListItem","position":1,"name":"Startseite","item":"https:\/\/nxt-travel.com\/es\/inicio\/"},{"@type":"ListItem","position":2,"name":"Socios de reserva"}]},{"@type":"WebSite","@id":"https:\/\/nxt-travel.com\/es\/#website","url":"https:\/\/nxt-travel.com\/es\/","name":"Nxt Travel","description":"","publisher":{"@id":"https:\/\/nxt-travel.com\/es\/#organization"},"potentialAction":[{"@type":"SearchAction","target":{"@type":"EntryPoint","urlTemplate":"https:\/\/nxt-travel.com\/es\/?s={search_term_string}"},"query-input":{"@type":"PropertyValueSpecification","valueRequired":true,"valueName":"search_term_string"}}],"inLanguage":"es"},{"@type":"Organization","@id":"https:\/\/nxt-travel.com\/es\/#organization","name":"Nxt Travel","url":"https:\/\/nxt-travel.com\/es\/","logo":{"@type":"ImageObject","inLanguage":"es","@id":"https:\/\/nxt-travel.com\/es\/#\/schema\/logo\/image\/","url":"https:\/\/nxt-travel.com\/wp-content\/uploads\/2024\/08\/nxt-travel-logo-neg.svg","contentUrl":"https:\/\/nxt-travel.com\/wp-content\/uploads\/2024\/08\/nxt-travel-logo-neg.svg","width":149,"height":65,"caption":"Nxt Travel"},"image":{"@id":"https:\/\/nxt-travel.com\/es\/#\/schema\/logo\/image\/"}}]}},"_links":{"self":[{"href":"https:\/\/nxt-travel.com\/es\/wp-json\/wp\/v2\/pages\/987","targetHints":{"allow":["GET"]}}],"collection":[{"href":"https:\/\/nxt-travel.com\/es\/wp-json\/wp\/v2\/pages"}],"about":[{"href":"https:\/\/nxt-travel.com\/es\/wp-json\/wp\/v2\/types\/page"}],"author":[{"embeddable":true,"href":"https:\/\/nxt-travel.com\/es\/wp-json\/wp\/v2\/users\/3"}],"replies":[{"embeddable":true,"href":"https:\/\/nxt-travel.com\/es\/wp-json\/wp\/v2\/comments?post=987"}],"version-history":[{"count":10,"href":"https:\/\/nxt-travel.com\/es\/wp-json\/wp\/v2\/pages\/987\/revisions"}],"predecessor-version":[{"id":3449,"href":"https:\/\/nxt-travel.com\/es\/wp-json\/wp\/v2\/pages\/987\/revisions\/3449"}],"wp:attachment":[{"href":"https:\/\/nxt-travel.com\/es\/wp-json\/wp\/v2\/media?parent=987"}],"curies":[{"name":"wp","href":"https:\/\/api.w.org\/{rel}","templated":true}]}}